{"id":33,"date":"2024-01-03T11:09:03","date_gmt":"2024-01-03T11:09:03","guid":{"rendered":"http:\/\/192.168.0.130:10046\/?page_id=33"},"modified":"2026-01-22T10:45:31","modified_gmt":"2026-01-22T09:45:31","slug":"contact","status":"publish","type":"page","link":"https:\/\/adhepack.com\/en\/contact\/","title":{"rendered":"Contact"},"content":{"rendered":"<div data-elementor-type=\"wp-page\" data-elementor-id=\"33\" class=\"elementor elementor-33\">\n\t\t\t\t\r\n\t\t<div class=\"default no-position show_shadow rs-sticky-default elementor-element elementor-element-78bede4 e-flex e-con-boxed e-con e-parent\" data-id=\"78bede4\" data-element_type=\"container\" data-e-type=\"container\">\n\t\t\t\t\t<div class=\"e-con-inner\">\n\t\t\r\n\t\t\t\t<div class=\"elementor-element elementor-element-4883d0f elementor-widget elementor-widget-heading\" data-id=\"4883d0f\" data-element_type=\"widget\" data-e-type=\"widget\" data-widget_type=\"heading.default\">\n\t\t\t\t<div class=\"elementor-widget-container\">\n\t\t\t\t\t<h2 class=\"elementor-heading-title elementor-size-default\">Stay CLOSE<\/h2>\t\t\t\t<\/div>\n\t\t\t\t<\/div>\n\t\t\r\n\t\t<div class=\"default no-position show_shadow rs-sticky-default elementor-element elementor-element-9e6f665 e-con-full e-flex e-con e-child\" data-id=\"9e6f665\" data-element_type=\"container\" data-e-type=\"container\">\n\t\t\r\n\t\t\t\t<div class=\"elementor-element elementor-element-c6baf9b elementor-widget elementor-widget-google_maps\" data-id=\"c6baf9b\" data-element_type=\"widget\" data-e-type=\"widget\" data-widget_type=\"google_maps.default\">\n\t\t\t\t<div class=\"elementor-widget-container\">\n\t\t\t\t\t\t\t<div class=\"elementor-custom-embed\">\n\t\t\t<iframe loading=\"lazy\"\n\t\t\t\t\tsrc=\"https:\/\/maps.google.com\/maps?q=adh%C3%A8pack&#038;t=m&#038;z=14&#038;output=embed&#038;iwloc=near\"\n\t\t\t\t\ttitle=\"adh\u00e8pack\"\n\t\t\t\t\taria-label=\"adh\u00e8pack\"\n\t\t\t><\/iframe>\n\t\t<\/div>\n\t\t\t\t\t\t<\/div>\n\t\t\t\t<\/div>\n\t\t\t\t<\/div>\n\t\t\t\t\t<\/div>\n\t\t\t\t<\/div>\n\t\t\r\n\t\t<div class=\"default no-position show_shadow rs-sticky-default elementor-element elementor-element-739cf80 e-flex e-con-boxed e-con e-parent\" data-id=\"739cf80\" data-element_type=\"container\" data-e-type=\"container\">\n\t\t\t\t\t<div class=\"e-con-inner\">\n\t\t\r\n\t\t<div class=\"default no-position show_shadow rs-sticky-default elementor-element elementor-element-701232c e-con-full e-flex e-con e-child\" data-id=\"701232c\" data-element_type=\"container\" data-e-type=\"container\">\n\t\t\r\n\t\t\t\t<div class=\"elementor-element elementor-element-78d0e90 elementor-widget elementor-widget-rs-service-grid\" data-id=\"78d0e90\" data-element_type=\"widget\" data-e-type=\"widget\" data-widget_type=\"rs-service-grid.default\">\n\t\t\t\t<div class=\"elementor-widget-container\">\n\t\t\t\t\t\r\n\t\t<div class=\"rs-addon-services style3\">\r\n\t\t\t<div class=\"services-inner  box\">\r\n    \r\n    <div class=\"content_part\">\r\n                    <div class=\"media_wrap\">\r\n                                    \r\n                        <div class=\"icon_style media-cmn normal\">\r\n\r\n                            <svg aria-hidden=\"true\" class=\"e-font-icon-svg e-far-map\" viewbox=\"0 0 576 512\" xmlns=\"http:\/\/www.w3.org\/2000\/svg\"><path d=\"M560.02 32c-1.96 0-3.98.37-5.96 1.16L384.01 96H384L212 35.28A64.252 64.252 0 0 0 191.76 32c-6.69 0-13.37 1.05-19.81 3.14L20.12 87.95A32.006 32.006 0 0 0 0 117.66v346.32C0 473.17 7.53 480 15.99 480c1.96 0 3.97-.37 5.96-1.16L192 416l172 60.71a63.98 63.98 0 0 0 40.05.15l151.83-52.81A31.996 31.996 0 0 0 576 394.34V48.02c0-9.19-7.53-16.02-15.98-16.02zM224 90.42l128 45.19v285.97l-128-45.19V90.42zM48 418.05V129.07l128-44.53v286.2l-.64.23L48 418.05zm480-35.13l-128 44.53V141.26l.64-.24L528 93.95v288.97z\"><\/path><\/svg>                        <\/div>\r\n\r\n                    \r\n                                                <\/div>\r\n        \r\n                    <div class=\"services-title\">\r\n                                    <h3 class=\"title\"> Location<\/h3>\r\n                            <\/div>\r\n        \r\n                    <div class=\"desc-text\">\r\n                Gab\u00e8s Road km 2.5 - Sidi Salem Industrial Zone near the Sfax wholesale market, 3052            <\/div>\r\n        \r\n            <\/div>\r\n<\/div>\t\t<\/div>\r\n\r\n\t\t\t\t<\/div>\n\t\t\t\t<\/div>\n\t\t\t\t<\/div>\n\t\t\r\n\t\t<div class=\"default no-position show_shadow rs-sticky-default elementor-element elementor-element-9474500 e-con-full e-flex e-con e-child\" data-id=\"9474500\" data-element_type=\"container\" data-e-type=\"container\">\n\t\t\r\n\t\t\t\t<div class=\"elementor-element elementor-element-c0ad3c0 elementor-widget elementor-widget-rs-service-grid\" data-id=\"c0ad3c0\" data-element_type=\"widget\" data-e-type=\"widget\" data-widget_type=\"rs-service-grid.default\">\n\t\t\t\t<div class=\"elementor-widget-container\">\n\t\t\t\t\t\r\n\t\t<div class=\"rs-addon-services style3\">\r\n\t\t\t<div class=\"services-inner  box\">\r\n    \r\n    <div class=\"content_part\">\r\n                    <div class=\"media_wrap\">\r\n                                    \r\n                        <div class=\"icon_style media-cmn normal\">\r\n\r\n                            <svg xmlns=\"http:\/\/www.w3.org\/2000\/svg\" id=\"Outline\" viewbox=\"0 0 24 24\" width=\"512\" height=\"512\"><path d=\"M12,0A12,12,0,1,0,24,12,12.013,12.013,0,0,0,12,0Zm0,22A10,10,0,1,1,22,12,10.011,10.011,0,0,1,12,22Z\"><\/path><path d=\"M12,6a1,1,0,0,0-1,1v4.325L7.629,13.437a1,1,0,0,0,1.062,1.7l3.84-2.4A1,1,0,0,0,13,11.879V7A1,1,0,0,0,12,6Z\"><\/path><\/svg>                        <\/div>\r\n\r\n                    \r\n                                                <\/div>\r\n        \r\n                    <div class=\"services-title\">\r\n                                    <h3 class=\"title\"> Schedules<\/h3>\r\n                            <\/div>\r\n        \r\n                    <div class=\"desc-text\">\r\n                Mon-Fri 08:00 - 17:00<br>\nSat 08:00 - 13:30            <\/div>\r\n        \r\n            <\/div>\r\n<\/div>\t\t<\/div>\r\n\r\n\t\t\t\t<\/div>\n\t\t\t\t<\/div>\n\t\t\t\t<\/div>\n\t\t\r\n\t\t<div class=\"default no-position show_shadow rs-sticky-default elementor-element elementor-element-9c44ecf e-con-full e-flex e-con e-child\" data-id=\"9c44ecf\" data-element_type=\"container\" data-e-type=\"container\">\n\t\t\r\n\t\t\t\t<div class=\"elementor-element elementor-element-023d42a elementor-widget elementor-widget-rs-service-grid\" data-id=\"023d42a\" data-element_type=\"widget\" data-e-type=\"widget\" data-widget_type=\"rs-service-grid.default\">\n\t\t\t\t<div class=\"elementor-widget-container\">\n\t\t\t\t\t\r\n\t\t<div class=\"rs-addon-services style3\">\r\n\t\t\t<div class=\"services-inner  box\">\r\n    \r\n    <div class=\"content_part\">\r\n                    <div class=\"media_wrap\">\r\n                                    \r\n                        <div class=\"icon_style media-cmn normal\">\r\n\r\n                            <svg aria-hidden=\"true\" class=\"e-font-icon-svg e-far-envelope\" viewbox=\"0 0 512 512\" xmlns=\"http:\/\/www.w3.org\/2000\/svg\"><path d=\"M464 64H48C21.49 64 0 85.49 0 112v288c0 26.51 21.49 48 48 48h416c26.51 0 48-21.49 48-48V112c0-26.51-21.49-48-48-48zm0 48v40.805c-22.422 18.259-58.168 46.651-134.587 106.49-16.841 13.247-50.201 45.072-73.413 44.701-23.208.375-56.579-31.459-73.413-44.701C106.18 199.465 70.425 171.067 48 152.805V112h416zM48 400V214.398c22.914 18.251 55.409 43.862 104.938 82.646 21.857 17.205 60.134 55.186 103.062 54.955 42.717.231 80.509-37.199 103.053-54.947 49.528-38.783 82.032-64.401 104.947-82.653V400H48z\"><\/path><\/svg>                        <\/div>\r\n\r\n                    \r\n                                                <\/div>\r\n        \r\n                    <div class=\"services-title\">\r\n                                    <h3 class=\"title\"> E-mail<\/h3>\r\n                            <\/div>\r\n        \r\n                    <div class=\"desc-text\">\r\n                <a href=\"mailto:commercial@adhepack.com\">commercial@adhepack.com<\/a><br><a href=\"mailto:contact@adhepack.com\">contact@adhepack.com<\/a><\/br>            <\/div>\r\n        \r\n            <\/div>\r\n<\/div>\t\t<\/div>\r\n\r\n\t\t\t\t<\/div>\n\t\t\t\t<\/div>\n\t\t\t\t<\/div>\n\t\t\r\n\t\t<div class=\"default no-position show_shadow rs-sticky-default elementor-element elementor-element-9d44ac3 e-con-full e-flex e-con e-child\" data-id=\"9d44ac3\" data-element_type=\"container\" data-e-type=\"container\">\n\t\t\r\n\t\t\t\t<div class=\"elementor-element elementor-element-0fcca45 elementor-widget elementor-widget-rs-service-grid\" data-id=\"0fcca45\" data-element_type=\"widget\" data-e-type=\"widget\" data-widget_type=\"rs-service-grid.default\">\n\t\t\t\t<div class=\"elementor-widget-container\">\n\t\t\t\t\t\r\n\t\t<div class=\"rs-addon-services style3\">\r\n\t\t\t<div class=\"services-inner  box\">\r\n    \r\n    <div class=\"content_part\">\r\n                    <div class=\"media_wrap\">\r\n                                    \r\n                        <div class=\"icon_style media-cmn normal\">\r\n\r\n                            <svg xmlns=\"http:\/\/www.w3.org\/2000\/svg\" width=\"30\" height=\"30\" viewbox=\"0 0 30 30\" fill=\"none\"><path d=\"M23.7225 18.5848C23.1074 17.9453 22.3655 17.6034 21.5792 17.6034C20.7993 17.6034 20.051 17.9389 19.4106 18.5784L17.4068 20.573C17.242 20.4843 17.0771 20.402 16.9186 20.3197C16.6903 20.2057 16.4747 20.0981 16.2908 19.9841C14.4139 18.7937 12.7081 17.2424 11.0722 15.2353C10.2795 14.2348 9.74688 13.3927 9.36008 12.5379C9.88004 12.063 10.362 11.5691 10.8312 11.0943C11.0087 10.917 11.1863 10.7333 11.3638 10.556C12.6955 9.22637 12.6955 7.50412 11.3638 6.17444L9.63274 4.44585C9.43617 4.24957 9.23326 4.04695 9.04303 3.84433C8.66256 3.45176 8.26308 3.04652 7.85091 2.66662C7.23583 2.05876 6.50028 1.73584 5.72667 1.73584C4.95307 1.73584 4.20483 2.05876 3.57072 2.66662C3.56438 2.67295 3.56438 2.67295 3.55804 2.67928L1.40209 4.85109C0.590443 5.66156 0.127549 6.64932 0.0260924 7.79538C-0.126092 9.64427 0.419236 11.3665 0.837743 12.4936C1.86499 15.2606 3.39952 17.825 5.68862 20.573C8.46599 23.8845 11.8077 26.4995 15.625 28.3421C17.0834 29.0323 19.0301 29.8491 21.2051 29.9884C21.3383 29.9947 21.4778 30.001 21.6046 30.001C23.0694 30.001 24.2995 29.4755 25.2634 28.4307C25.2697 28.4181 25.2824 28.4117 25.2887 28.3991C25.6185 28.0002 25.9989 27.6393 26.3984 27.253C26.6711 26.9934 26.9501 26.7212 27.2227 26.4362C27.8505 25.784 28.1802 25.0242 28.1802 24.2454C28.1802 23.4603 27.8442 22.7068 27.2037 22.0736L23.7225 18.5848ZM25.9926 25.2522C25.9862 25.2522 25.9862 25.2585 25.9926 25.2522C25.7453 25.5181 25.4916 25.7587 25.219 26.0247C24.8068 26.4172 24.3883 26.8288 23.9952 27.291C23.3547 27.9749 22.6001 28.2978 21.6109 28.2978C21.5158 28.2978 21.4144 28.2978 21.3192 28.2914C19.436 28.1711 17.6858 27.4366 16.3732 26.8098C12.7842 25.0749 9.63274 22.6118 7.0139 19.4902C4.85161 16.8879 3.40586 14.4818 2.44836 11.8984C1.85865 10.3218 1.64305 9.0934 1.73817 7.93468C1.80158 7.19386 2.08692 6.57967 2.61323 6.05413L4.77552 3.89499C5.08623 3.60372 5.41596 3.44543 5.73935 3.44543C6.13884 3.44543 6.46223 3.68604 6.66514 3.88865C6.67148 3.89499 6.67782 3.90132 6.68417 3.90765C7.07097 4.26856 7.43875 4.64214 7.82555 5.04104C8.02212 5.24366 8.22503 5.44628 8.42795 5.65523L10.159 7.38381C10.8312 8.05498 10.8312 8.6755 10.159 9.34667C9.97515 9.5303 9.79761 9.71392 9.61372 9.89121C9.08107 10.4357 8.57379 10.9423 8.02212 11.4362C8.00944 11.4488 7.99676 11.4552 7.99042 11.4678C7.44509 12.0124 7.54654 12.5442 7.66068 12.9051C7.66702 12.9241 7.67336 12.9431 7.67971 12.9621C8.12992 14.0512 8.76402 15.077 9.72785 16.299L9.7342 16.3053C11.4843 18.4581 13.3296 20.1361 15.365 21.4214C15.625 21.5861 15.8913 21.719 16.145 21.8457C16.3732 21.9596 16.5888 22.0673 16.7727 22.1812C16.7981 22.1939 16.8235 22.2129 16.8488 22.2256C17.0644 22.3332 17.2673 22.3839 17.4766 22.3839C18.0029 22.3839 18.3326 22.0546 18.4404 21.947L20.609 19.7815C20.8246 19.5662 21.1671 19.3066 21.5665 19.3066C21.9597 19.3066 22.2831 19.5535 22.4796 19.7688C22.486 19.7752 22.486 19.7752 22.4923 19.7815L25.9862 23.2703C26.6394 23.9162 26.6394 24.581 25.9926 25.2522Z\" fill=\"white\"><\/path><path d=\"M16.2163 7.13613C17.8777 7.41473 19.3869 8.19988 20.5917 9.40292C21.7964 10.606 22.5764 12.1129 22.8617 13.7719C22.9315 14.1898 23.2929 14.481 23.7051 14.481C23.7558 14.481 23.8002 14.4747 23.8509 14.4684C24.3202 14.3924 24.6309 13.9492 24.5548 13.4806C24.2124 11.4734 23.2612 9.64353 21.8091 8.19355C20.357 6.74356 18.5245 5.79379 16.5144 5.45187C16.0451 5.37589 15.6076 5.68615 15.5252 6.14837C15.4427 6.61059 15.7471 7.06015 16.2163 7.13613Z\" fill=\"white\"><\/path><path d=\"M29.9883 13.2338C29.4239 9.92864 27.864 6.92103 25.4671 4.52761C23.0702 2.13419 20.0582 0.576563 16.7482 0.0130318C16.2853 -0.0692817 15.8478 0.247309 15.7654 0.709531C15.6893 1.17808 16 1.61498 16.4692 1.69729C19.4241 2.19751 22.1191 3.59683 24.2623 5.73065C26.4056 7.8708 27.8006 10.5618 28.3016 13.5124C28.3713 13.9303 28.7328 14.2216 29.1449 14.2216C29.1956 14.2216 29.24 14.2153 29.2908 14.2089C29.7537 14.1393 30.0707 13.6961 29.9883 13.2338Z\" fill=\"white\"><\/path><\/svg>                        <\/div>\r\n\r\n                    \r\n                                                <\/div>\r\n        \r\n                    <div class=\"services-title\">\r\n                                    <h3 class=\"title\"> Contact<\/h3>\r\n                            <\/div>\r\n        \r\n                    <div class=\"desc-text\">\r\n                <a href=\"tel:+21674469303\">+216 74 469 303<\/a><br>\n<a href=\"tel:+21674469091\">+216 74 469 091<\/a><br>            <\/div>\r\n        \r\n            <\/div>\r\n<\/div>\t\t<\/div>\r\n\r\n\t\t\t\t<\/div>\n\t\t\t\t<\/div>\n\t\t\t\t<\/div>\n\t\t\t\t\t<\/div>\n\t\t\t\t<\/div>\n\t\t\r\n\t\t<div class=\"default no-position show_shadow rs-sticky-default elementor-element elementor-element-b289e2c contact e-flex e-con-boxed e-con e-parent\" data-id=\"b289e2c\" data-element_type=\"container\" data-e-type=\"container\" id=\"contact\">\n\t\t\t\t\t<div class=\"e-con-inner\">\n\t\t\r\n\t\t<div class=\"default no-position show_shadow rs-sticky-default elementor-element elementor-element-a12073c e-flex e-con-boxed e-con e-child\" data-id=\"a12073c\" data-element_type=\"container\" data-e-type=\"container\" data-settings=\"{&quot;background_background&quot;:&quot;classic&quot;}\">\n\t\t\t\t\t<div class=\"e-con-inner\">\n\t\t\r\n\t\t\t\t<div class=\"elementor-element elementor-element-880fb49 elementor-widget elementor-widget-heading\" data-id=\"880fb49\" data-element_type=\"widget\" data-e-type=\"widget\" data-widget_type=\"heading.default\">\n\t\t\t\t<div class=\"elementor-widget-container\">\n\t\t\t\t\t<h2 class=\"elementor-heading-title elementor-size-default\">We remain at your SERVICE.<\/h2>\t\t\t\t<\/div>\n\t\t\t\t<\/div>\n\t\t\r\n\t\t\t\t<div class=\"elementor-element elementor-element-246078d elementor-widget elementor-widget-text-editor\" data-id=\"246078d\" data-element_type=\"widget\" data-e-type=\"widget\" data-widget_type=\"text-editor.default\">\n\t\t\t\t<div class=\"elementor-widget-container\">\n\t\t\t\t\t\t\t\t\t<p>For any questions or specific requests, our team is here to respond to you quickly.<\/p>\t\t\t\t\t\t\t\t<\/div>\n\t\t\t\t<\/div>\n\t\t\r\n\t\t\t\t<div class=\"elementor-element elementor-element-8125972 elementor-widget__width-inherit elementor-widget elementor-widget-shortcode\" data-id=\"8125972\" data-element_type=\"widget\" data-e-type=\"widget\" data-widget_type=\"shortcode.default\">\n\t\t\t\t<div class=\"elementor-widget-container\">\n\t\t\t\t\t\t\t<div class=\"elementor-shortcode\"><div class=\"forminator-ui forminator-custom-form forminator-custom-form-30005 forminator-design--material  forminator_ajax\" data-forminator-render=\"0\" data-form=\"forminator-module-30005\" data-uid=\"69d0a571d9488\"><br\/><\/div><form\n\t\t\t\tid=\"forminator-module-30005\"\n\t\t\t\tclass=\"forminator-ui forminator-custom-form forminator-custom-form-30005 forminator-design--material  forminator_ajax\"\n\t\t\t\tmethod=\"post\"\n\t\t\t\tdata-forminator-render=\"0\"\n\t\t\t\tdata-form-id=\"30005\"\n\t\t\t\t data-color-option=\"default\" data-design=\"material\" data-grid=\"open\" style=\"display: none;\"\n\t\t\t\tdata-uid=\"69d0a571d9488\" action=\"\"\n\t\t\t><div role=\"alert\" aria-live=\"polite\" class=\"forminator-response-message forminator-error\" aria-hidden=\"true\"><\/div><div class=\"forminator-row\"><div id=\"name-1\" class=\"forminator-field-name forminator-col forminator-col-12\"><div class=\"forminator-row forminator-no-margin\" data-multiple=\"true\"><div class=\"forminator-col forminator-col-md-6\"><div class=\"forminator-field\"><label for=\"forminator-field-first-name-1_69d0a571d9488\" id=\"forminator-field-first-name-1_69d0a571d9488-label\" class=\"forminator-label\">First name <span class=\"forminator-required\">*<\/span><\/label><input type=\"text\" name=\"name-1-first-name\" placeholder=\"\" id=\"forminator-field-first-name-1_69d0a571d9488\" class=\"forminator-input\" aria-required=\"true\" data-multi=\"1\" autocomplete=\"given-name\" value=\"\" \/><\/div><\/div><div class=\"forminator-col forminator-col-md-6\"><div class=\"forminator-field\"><label for=\"forminator-field-last-name-1_69d0a571d9488\" id=\"forminator-field-last-name-1_69d0a571d9488-label\" class=\"forminator-label\">Name <span class=\"forminator-required\">*<\/span><\/label><input type=\"text\" name=\"name-1-last-name\" placeholder=\"\" id=\"forminator-field-last-name-1_69d0a571d9488\" class=\"forminator-input\" aria-required=\"true\" data-multi=\"1\" autocomplete=\"family-name\" value=\"\" \/><\/div><\/div><\/div><\/div><\/div><div class=\"forminator-row\"><div id=\"email-1\" class=\"forminator-field-email forminator-col forminator-col-12\"><div class=\"forminator-field\"><label for=\"forminator-field-email-1_69d0a571d9488\" id=\"forminator-field-email-1_69d0a571d9488-label\" class=\"forminator-label\">Email address <span class=\"forminator-required\">*<\/span><\/label><input type=\"email\" name=\"email-1\" value=\"\" placeholder=\"\" id=\"forminator-field-email-1_69d0a571d9488\" class=\"forminator-input forminator-email--field\" data-required=\"1\" aria-required=\"true\" autocomplete=\"email\" \/><\/div><\/div><\/div><div class=\"forminator-row\"><div id=\"phone-1\" class=\"forminator-field-phone forminator-col forminator-col-6\"><div class=\"forminator-field\"><label for=\"forminator-field-phone-1_69d0a571d9488\" id=\"forminator-field-phone-1_69d0a571d9488-label\" class=\"forminator-label\">Phone <span class=\"forminator-required\">*<\/span><\/label><input type=\"text\" name=\"phone-1\" value=\"\" placeholder=\"\" id=\"forminator-field-phone-1_69d0a571d9488\" class=\"forminator-input forminator-field--phone\" data-required=\"1\" aria-required=\"true\" autocomplete=\"off\" data-national_mode=\"enabled\" data-country=\"tn\" data-validation=\"standard\" \/><\/div><\/div><div id=\"text-1\" class=\"forminator-field-text forminator-col forminator-col-6\"><div class=\"forminator-field\"><label for=\"forminator-field-text-1_69d0a571d9488\" id=\"forminator-field-text-1_69d0a571d9488-label\" class=\"forminator-label\">Company<\/label><input type=\"text\" name=\"text-1\" value=\"\" placeholder=\"\" id=\"forminator-field-text-1_69d0a571d9488\" class=\"forminator-input forminator-name--field\" data-required=\"\" \/><\/div><\/div><\/div><div class=\"forminator-row\"><div id=\"textarea-1\" class=\"forminator-field-textarea forminator-col forminator-col-12\"><div class=\"forminator-field\"><label for=\"forminator-field-textarea-1_69d0a571d9488\" id=\"forminator-field-textarea-1_69d0a571d9488-label\" class=\"forminator-label\">Message <span class=\"forminator-required\">*<\/span><\/label><textarea name=\"textarea-1\" placeholder=\"\" id=\"forminator-field-textarea-1_69d0a571d9488\" class=\"forminator-textarea\" rows=\"6\" style=\"min-height:100px;\" ><\/textarea><\/div><\/div><\/div><div class=\"forminator-row\" style=\"margin: 0;\"><div id=\"captcha-1\" class=\"forminator-field-captcha  forminator-col-12\"><div class=\"forminator-captcha-left forminator-g-recaptcha recaptcha-invisible\" data-theme=\"light\" data-badge=\"bottomleft\" data-sitekey=\"6LdDd4IrAAAAAHVxD263Xl8G0yq_FKcu13X1MeXy\" data-size=\"invisible\"><\/div> <\/div><\/div><input type=\"hidden\" name=\"referer_url\" value=\"\" \/><div class=\"forminator-row forminator-row-last\"><div class=\"forminator-col\"><div class=\"forminator-field\"><button class=\"forminator-button forminator-button-submit\"><span>Send the message<\/span><span aria-hidden=\"true\"><\/span><\/button><\/div><\/div><\/div><input type=\"hidden\" id=\"forminator_nonce\" name=\"forminator_nonce\" value=\"0db049eac0\" \/><input type=\"hidden\" name=\"_wp_http_referer\" value=\"\/en\/wp-json\/wp\/v2\/pages\/33\" \/><input type=\"hidden\" name=\"form_id\" value=\"30005\"><input type=\"hidden\" name=\"page_id\" value=\"33\"><input type=\"hidden\" name=\"form_type\" value=\"default\"><input type=\"hidden\" name=\"current_url\" value=\"https:\/\/adhepack.com\/en\/contact\/\"><input type=\"hidden\" name=\"render_id\" value=\"0\"><input type=\"hidden\" name=\"action\" value=\"forminator_submit_form_custom-forms\"><label for=\"input_6\" class=\"forminator-hidden\" aria-hidden=\"true\">Please do not fill in this field. <input id=\"input_6\" type=\"text\" name=\"input_6\" value=\"\" autocomplete=\"off\"><\/label><input type=\"hidden\" name=\"trp-form-language\" value=\"en\"\/><\/form><\/div>\n\t\t\t\t\t\t<\/div>\n\t\t\t\t<\/div>\n\t\t\r\n\t\t\t\t<div class=\"elementor-element elementor-element-eb72488 elementor-grid-1 elementor-fixed elementor-shape-rounded e-grid-align-center elementor-invisible elementor-widget elementor-widget-social-icons\" data-id=\"eb72488\" data-element_type=\"widget\" data-e-type=\"widget\" data-settings=\"{&quot;_position&quot;:&quot;fixed&quot;,&quot;_animation&quot;:&quot;bounceInRight&quot;}\" data-widget_type=\"social-icons.default\">\n\t\t\t\t<div class=\"elementor-widget-container\">\n\t\t\t\t\t\t\t<div class=\"elementor-social-icons-wrapper elementor-grid\" role=\"list\">\n\t\t\t\t\t\t\t<span class=\"elementor-grid-item\" role=\"listitem\">\n\t\t\t\t\t<a class=\"elementor-icon elementor-social-icon elementor-social-icon-facebook elementor-animation-grow elementor-repeater-item-aa7800f\" href=\"https:\/\/www.facebook.com\/profile.php?id=100038758973819\" target=\"_blank\">\n\t\t\t\t\t\t<span class=\"elementor-screen-only\">Facebook<\/span>\n\t\t\t\t\t\t<svg aria-hidden=\"true\" class=\"e-font-icon-svg e-fab-facebook\" viewbox=\"0 0 512 512\" xmlns=\"http:\/\/www.w3.org\/2000\/svg\"><path d=\"M504 256C504 119 393 8 256 8S8 119 8 256c0 123.78 90.69 226.38 209.25 245V327.69h-63V256h63v-54.64c0-62.15 37-96.48 93.67-96.48 27.14 0 55.52 4.84 55.52 4.84v61h-31.28c-30.8 0-40.41 19.12-40.41 38.73V256h68.78l-11 71.69h-57.78V501C413.31 482.38 504 379.78 504 256z\"><\/path><\/svg>\t\t\t\t\t<\/a>\n\t\t\t\t<\/span>\n\t\t\t\t\t\t\t<span class=\"elementor-grid-item\" role=\"listitem\">\n\t\t\t\t\t<a class=\"elementor-icon elementor-social-icon elementor-social-icon-linkedin elementor-animation-grow elementor-repeater-item-91535ba\" href=\"https:\/\/www.linkedin.com\/company\/adhepack-tn\/posts\/?feedView=all\" target=\"_blank\">\n\t\t\t\t\t\t<span class=\"elementor-screen-only\">Linkedin<\/span>\n\t\t\t\t\t\t<svg aria-hidden=\"true\" class=\"e-font-icon-svg e-fab-linkedin\" viewbox=\"0 0 448 512\" xmlns=\"http:\/\/www.w3.org\/2000\/svg\"><path d=\"M416 32H31.9C14.3 32 0 46.5 0 64.3v383.4C0 465.5 14.3 480 31.9 480H416c17.6 0 32-14.5 32-32.3V64.3c0-17.8-14.4-32.3-32-32.3zM135.4 416H69V202.2h66.5V416zm-33.2-243c-21.3 0-38.5-17.3-38.5-38.5S80.9 96 102.2 96c21.2 0 38.5 17.3 38.5 38.5 0 21.3-17.2 38.5-38.5 38.5zm282.1 243h-66.4V312c0-24.8-.5-56.7-34.5-56.7-34.6 0-39.9 27-39.9 54.9V416h-66.4V202.2h63.7v29.2h.9c8.9-16.8 30.6-34.5 62.9-34.5 67.2 0 79.7 44.3 79.7 101.9V416z\"><\/path><\/svg>\t\t\t\t\t<\/a>\n\t\t\t\t<\/span>\n\t\t\t\t\t<\/div>\n\t\t\t\t\t\t<\/div>\n\t\t\t\t<\/div>\n\t\t\t\t\t<\/div>\n\t\t\t\t<\/div>\n\t\t\t\t\t<\/div>\n\t\t\t\t<\/div>\n\t\t\t\t<\/div>","protected":false},"excerpt":{"rendered":"<p>Restez PROCHES Localisation Route de Gab\u00e8s km 2,5 &#8211; Z.I. Sidi Salem pr\u00e8s du march\u00e9 de gros Sfax, 3052 Horaires Lun- Ven 08:00 &#8211; 17:00 Sam 08:00 &#8211; 13:30 E-mail commercial@adhepack.comcontact@adhepack.com Contact +216 74 469 303 +216 74 469 091 Nous Restons \u00e0 Votre \u00c9COUTE Pour toute question ou demande sp\u00e9cifique, notre \u00e9quipe est l\u00e0&#8230;<\/p>","protected":false},"author":1,"featured_media":0,"parent":0,"menu_order":0,"comment_status":"closed","ping_status":"open","template":"elementor_header_footer","meta":{"slim_seo":{"title":"Stay in close \u2013 Contact Adh\u00e9 Pack","description":"Stay close to the leader in printing in Tunisia. Contact Adh\u00e9 Pack for your labeling and custom packaging needs."},"footnotes":""},"class_list":["post-33","page","type-page","status-publish","hentry"],"_links":{"self":[{"href":"https:\/\/adhepack.com\/en\/wp-json\/wp\/v2\/pages\/33","targetHints":{"allow":["GET"]}}],"collection":[{"href":"https:\/\/adhepack.com\/en\/wp-json\/wp\/v2\/pages"}],"about":[{"href":"https:\/\/adhepack.com\/en\/wp-json\/wp\/v2\/types\/page"}],"author":[{"embeddable":true,"href":"https:\/\/adhepack.com\/en\/wp-json\/wp\/v2\/users\/1"}],"replies":[{"embeddable":true,"href":"https:\/\/adhepack.com\/en\/wp-json\/wp\/v2\/comments?post=33"}],"version-history":[{"count":3,"href":"https:\/\/adhepack.com\/en\/wp-json\/wp\/v2\/pages\/33\/revisions"}],"predecessor-version":[{"id":32069,"href":"https:\/\/adhepack.com\/en\/wp-json\/wp\/v2\/pages\/33\/revisions\/32069"}],"wp:attachment":[{"href":"https:\/\/adhepack.com\/en\/wp-json\/wp\/v2\/media?parent=33"}],"curies":[{"name":"wp","href":"https:\/\/api.w.org\/{rel}","templated":true}]}}